{"id":62,"date":"2023-05-09T08:53:42","date_gmt":"2023-05-09T08:53:42","guid":{"rendered":"http:\/\/raumbuchung.sts-potsdam.de\/sample-page\/?page_id=62"},"modified":"2025-03-04T16:48:06","modified_gmt":"2025-03-04T16:48:06","slug":"datenschutzerklaerung","status":"publish","type":"page","link":"https:\/\/raumbuchung.sts-potsdam.de\/herzlich-willkommen\/datenschutzerklaerung\/","title":{"rendered":"Datenschutzerkl\u00e4rung"},"content":{"rendered":"\n<h2 class=\"wp-block-heading\">Wer wir sind<\/h2>\n\n\n\n<p><strong class=\"privacy-policy-tutorial\"> <\/strong>Die Adresse unserer Website ist: http:\/\/raumbuchung.sts-potsdam.de. Dies ist eine Seite zur Raumbuchung im P\u00e4dagogischen Zentrum Potsdam.<\/p>\n\n\n\n<h2 class=\"wp-block-heading\">Cookies<\/h2>\n\n\n\n<p>Den Einstellungen zu Cookies hast du bereits zu Beginn des Besuchs zugestimmt. N\u00e4here Erl\u00e4uterungen hierzu sind dort zu finden.<\/p>\n\n\n\n<h2 class=\"wp-block-heading\">Wie lange wir deine Daten speichern<\/h2>\n\n\n\n<p>Die erfassten Informationen zur Raumbuchung (Name und Email-Adresse) werden sp\u00e4testens 30 Tage nach dem gebuchten Termin gel\u00f6scht.<\/p>\n\n\n\n<h2 class=\"wp-block-heading\">Welche Rechte du an deinen Daten hast<\/h2>\n\n\n\n<p>Du hast das Recht, deine gespeicherten Daten zu erfragen (Impressum) und jederzeit l\u00f6schen zu lassen.<\/p>\n\n\n\n<p><\/p>\n","protected":false},"excerpt":{"rendered":"<p>Wer wir sind Die Adresse unserer Website ist: http:\/\/raumbuchung.sts-potsdam.de. Dies ist eine Seite zur Raumbuchung im P\u00e4dagogischen Zentrum Potsdam. Cookies Den Einstellungen zu Cookies hast du bereits zu Beginn des Besuchs zugestimmt. N\u00e4here Erl\u00e4uterungen hierzu sind dort zu finden. Wie lange wir deine Daten speichern Die erfassten Informationen zur Raumbuchung (Name und Email-Adresse) werden sp\u00e4testens 30 Tage nach dem gebuchten Termin gel\u00f6scht. Welche Rechte du an deinen Daten hast Du&hellip;<\/p>\n","protected":false},"author":1,"featured_media":0,"parent":0,"menu_order":0,"comment_status":"closed","ping_status":"closed","template":"","meta":{"_price":"","_stock":"","_tribe_ticket_header":"","_tribe_default_ticket_provider":"","_tribe_ticket_capacity":"0","_ticket_start_date":"","_ticket_end_date":"","_tribe_ticket_show_description":"","_tribe_ticket_show_not_going":false,"_tribe_ticket_use_global_stock":"","_tribe_ticket_global_stock_level":"","_global_stock_mode":"","_global_stock_cap":"","_tribe_rsvp_for_event":"","_tribe_ticket_going_count":"","_tribe_ticket_not_going_count":"","_tribe_tickets_list":"[]","_tribe_ticket_has_attendee_info_fields":false,"footnotes":"","_tec_slr_enabled":"","_tec_slr_layout":""},"class_list":["post-62","page","type-page","status-publish","hentry"],"ticketed":false,"_links":{"self":[{"href":"https:\/\/raumbuchung.sts-potsdam.de\/herzlich-willkommen\/wp-json\/wp\/v2\/pages\/62","targetHints":{"allow":["GET"]}}],"collection":[{"href":"https:\/\/raumbuchung.sts-potsdam.de\/herzlich-willkommen\/wp-json\/wp\/v2\/pages"}],"about":[{"href":"https:\/\/raumbuchung.sts-potsdam.de\/herzlich-willkommen\/wp-json\/wp\/v2\/types\/page"}],"author":[{"embeddable":true,"href":"https:\/\/raumbuchung.sts-potsdam.de\/herzlich-willkommen\/wp-json\/wp\/v2\/users\/1"}],"replies":[{"embeddable":true,"href":"https:\/\/raumbuchung.sts-potsdam.de\/herzlich-willkommen\/wp-json\/wp\/v2\/comments?post=62"}],"version-history":[{"count":2,"href":"https:\/\/raumbuchung.sts-potsdam.de\/herzlich-willkommen\/wp-json\/wp\/v2\/pages\/62\/revisions"}],"predecessor-version":[{"id":474,"href":"https:\/\/raumbuchung.sts-potsdam.de\/herzlich-willkommen\/wp-json\/wp\/v2\/pages\/62\/revisions\/474"}],"wp:attachment":[{"href":"https:\/\/raumbuchung.sts-potsdam.de\/herzlich-willkommen\/wp-json\/wp\/v2\/media?parent=62"}],"curies":[{"name":"wp","href":"https:\/\/api.w.org\/{rel}","templated":true}]}}